{"id":3,"date":"2022-06-28T22:17:54","date_gmt":"2022-06-28T22:17:54","guid":{"rendered":"https:\/\/medisenior.pt\/?page_id=3"},"modified":"2022-07-18T01:50:26","modified_gmt":"2022-07-18T01:50:26","slug":"politica-privacidade","status":"publish","type":"page","link":"https:\/\/medisenior.pt\/index.php\/politica-privacidade\/","title":{"rendered":"Pol\u00edtica de Privacidade"},"content":{"rendered":"[vc_row type=&#8221;in_container&#8221; full_screen_row_position=&#8221;middle&#8221; column_margin=&#8221;default&#8221; column_direction=&#8221;default&#8221; column_direction_tablet=&#8221;default&#8221; column_direction_phone=&#8221;default&#8221; scene_position=&#8221;center&#8221; text_color=&#8221;dark&#8221; text_align=&#8221;left&#8221; row_border_radius=&#8221;none&#8221; row_border_radius_applies=&#8221;bg&#8221; overflow=&#8221;visible&#8221; overlay_strength=&#8221;0.3&#8243; gradient_direction=&#8221;left_to_right&#8221; shape_divider_position=&#8221;bottom&#8221; bg_image_animation=&#8221;none&#8221;][vc_column column_padding=&#8221;no-extra-padding&#8221; column_padding_tablet=&#8221;inherit&#8221; column_padding_phone=&#8221;inherit&#8221; column_padding_position=&#8221;all&#8221; column_element_spacing=&#8221;default&#8221; background_color_opacity=&#8221;1&#8243; background_hover_color_opacity=&#8221;1&#8243; column_shadow=&#8221;none&#8221; column_border_radius=&#8221;none&#8221; column_link_target=&#8221;_self&#8221; column_position=&#8221;default&#8221; gradient_direction=&#8221;left_to_right&#8221; overlay_strength=&#8221;0.3&#8243; width=&#8221;1\/1&#8243; tablet_width_inherit=&#8221;default&#8221; tablet_text_alignment=&#8221;default&#8221; phone_text_alignment=&#8221;default&#8221; animation_type=&#8221;default&#8221; bg_image_animation=&#8221;none&#8221; border_type=&#8221;simple&#8221; column_border_width=&#8221;none&#8221; column_border_style=&#8221;solid&#8221;][vc_column_text]\r\n<h2 class=\"wp-block-heading\">Pol\u00edtica de Privacidade<\/h2>\r\n\r\n<p>A MediSenior, empresa orientada para o mercado da sa\u00fade e bem-estar e, com vista \u00e0 prossecu\u00e7\u00e3o desta miss\u00e3o, desenvolveu um portal que regista, armazena e disponibiliza informa\u00e7\u00f5es acerca da condi\u00e7\u00e3o de bem-estar e seguran\u00e7a dos seus utilizadores, adiante designado Portal MediSenior.<\/p>\r\n<p>O Portal MediSenior, est\u00e1 empenhado em proteger a privacidade dos seus utilizadores e, com esse intuito, cumpre uma Pol\u00edtica de Privacidade, com a finalidade de demonstrar o seu compromisso e respeito para com as regras de privacidade e de prote\u00e7\u00e3o de dados pessoais segundo o novo Regulamento Geral de Prote\u00e7\u00e3o de Dados.<\/p>\r\n<p>O Portal MediSenior recolhe informa\u00e7\u00e3o pessoal dos seus utilizadores ap\u00f3s consentimento pr\u00e9vio dos mesmos.<\/p>\r\n<p>O Portal MediSenior est\u00e1 vinculado ao cumprimento da Lei Portuguesa, aplicada \u00e0 recolha e armazenamento de dados pessoais, obrigando-se a adotar mecanismos t\u00e9cnicos de encripta\u00e7\u00e3o e seguran\u00e7a para as bases de dados adaptados \u00e0 prote\u00e7\u00e3o de dados pessoais e sens\u00edveis.<\/p>\r\n<p>Os dados pessoais recolhidos s\u00e3o tratados informaticamente e no estrito cumprimento da legisla\u00e7\u00e3o de prote\u00e7\u00e3o de dados pessoais, sendo armazenados em base de dados espec\u00edficas, criadas para o efeito e, em situa\u00e7\u00e3o alguma, os dados recolhidos ser\u00e3o utilizados para outra finalidade que n\u00e3o seja aquela para a qual foi dado o consentimento por parte do titular dos dados.<\/p>\r\n<p>Os dados pessoais dos utilizadores s\u00f3 ser\u00e3o acedidos por entidades acreditadas no estrito \u00e2mbito de utiliza\u00e7\u00e3o do Portal MediSenior e com vista \u00e0 finalidade a que o mesmo se destina: projetos de telessa\u00fade e teleassist\u00eancia.<\/p>\r\n<p>O Portal MediSenior n\u00e3o vende, aluga, ou disponibiliza por outro meio, qualquer dado pessoal registado ou fornecido pelos seus utilizadores.<\/p>\r\n<p>Os projetos de telessa\u00fade e teleassist\u00eancia implicam, no \u00e2mbito da sua finalidade, permitir o acesso a entidades cuidadoras (Servi\u00e7os de Sa\u00fade, Empresas de Telecuidados, Institui\u00e7\u00f5es Particulares de Solidariedade Social) aos dados pessoais dos utilizadores. Quando tal sucede, a MediSenior certifica-se da idoneidade das entidades e toma medidas de seguran\u00e7a que garantam o respeito pela autenticidade, n\u00e3o viola\u00e7\u00e3o e privacidade dos dados pessoais.<\/p>\r\n<p>As entidades envolvidas nestes projetos t\u00eam de estabelecer com a MediSenior um contrato de processamento de dados pessoais referindo o \u00e2mbito, o tipo e o alcance dos dados tratados. Deste modo, qualquer entidade envolvida nestes projetos, ser\u00e1 obrigada a adotar medidas t\u00e9cnicas e organizacionais adequadas \u00e0 prote\u00e7\u00e3o dos dados pessoais contra \u00e0 sua divulga\u00e7\u00e3o, destrui\u00e7\u00e3o, acidental ou il\u00edcita, perda, altera\u00e7\u00e3o ou acesso n\u00e3o autorizado e contra qualquer outra forma de tratamento il\u00edcito.<\/p>\r\n<p>A presta\u00e7\u00e3o destes servi\u00e7os pode implicar a transfer\u00eancia de dados entre Estados da Uni\u00e3o Europeia. Neste caso, a MediSenior observar\u00e1 e respeitar\u00e1 a lei de prote\u00e7\u00e3o de dados respeitantes a esta transfer\u00eancia de dados, bem como, agir\u00e1 em cumprimento com a lei vigente no pa\u00eds de destino.<\/p>\r\n<p>O Portal MediSenior n\u00e3o transferir\u00e1 dados para pa\u00edses que n\u00e3o ofere\u00e7am garantias de seguran\u00e7a e prote\u00e7\u00e3o de dados pessoais.<\/p>\r\n<p>Todos os dados recolhidos e armazenados ser\u00e3o apenas utilizados para o fim a que se destinam. De acordo com o disposto no Regulamento Geral de Prote\u00e7\u00e3o de Dados, todos os utilizadores do Portal MediSenior podem, a qualquer momento, exercer o direito de retifica\u00e7\u00e3o, acesso, cancelamento, esquecimento e portabilidade de todas as suas informa\u00e7\u00f5es atrav\u00e9s de um comunicado por escrito para a seguinte morada:<\/p>\r\n<p>MediSenior<\/p>\r\n[\/vc_column_text][\/vc_column][\/vc_row]","protected":false},"excerpt":{"rendered":"<p>[vc_row type=&#8221;in_container&#8221; full_screen_row_position=&#8221;middle&#8221; column_margin=&#8221;default&#8221; column_direction=&#8221;default&#8221; column_direction_tablet=&#8221;default&#8221; column_direction_phone=&#8221;default&#8221; scene_position=&#8221;center&#8221; text_color=&#8221;dark&#8221; text_align=&#8221;left&#8221; row_border_radius=&#8221;none&#8221; row_border_radius_applies=&#8221;bg&#8221; overflow=&#8221;visible&#8221; overlay_strength=&#8221;0.3&#8243; gradient_direction=&#8221;left_to_right&#8221; shape_divider_position=&#8221;bottom&#8221; bg_image_animation=&#8221;none&#8221;][vc_column column_padding=&#8221;no-extra-padding&#8221; column_padding_tablet=&#8221;inherit&#8221; column_padding_phone=&#8221;inherit&#8221; column_padding_position=&#8221;all&#8221; column_element_spacing=&#8221;default&#8221; background_color_opacity=&#8221;1&#8243; background_hover_color_opacity=&#8221;1&#8243; column_shadow=&#8221;none&#8221; column_border_radius=&#8221;none&#8221; column_link_target=&#8221;_self&#8221; column_position=&#8221;default&#8221; gradient_direction=&#8221;left_to_right&#8221; overlay_strength=&#8221;0.3&#8243;&#8230;<\/p>\n","protected":false},"author":1,"featured_media":0,"parent":0,"menu_order":0,"comment_status":"closed","ping_status":"open","template":"","meta":{"footnotes":""},"class_list":["post-3","page","type-page","status-publish"],"yoast_head":"<!-- This site is optimized with the Yoast SEO plugin v23.4 - https:\/\/yoast.com\/wordpress\/plugins\/seo\/ -->\n<title>Pol\u00edtica de Privacidade - MediSenior<\/title>\n<meta name=\"robots\" content=\"index, follow, max-snippet:-1, max-image-preview:large, max-video-preview:-1\" \/>\n<link rel=\"canonical\" href=\"https:\/\/medisenior.pt\/index.php\/politica-privacidade\/\" \/>\n<meta property=\"og:locale\" content=\"pt_PT\" \/>\n<meta property=\"og:type\" content=\"article\" \/>\n<meta property=\"og:title\" content=\"Pol\u00edtica de Privacidade - MediSenior\" \/>\n<meta property=\"og:description\" content=\"[vc_row type=&#8221;in_container&#8221; full_screen_row_position=&#8221;middle&#8221; column_margin=&#8221;default&#8221; column_direction=&#8221;default&#8221; column_direction_tablet=&#8221;default&#8221; column_direction_phone=&#8221;default&#8221; scene_position=&#8221;center&#8221; text_color=&#8221;dark&#8221; text_align=&#8221;left&#8221; row_border_radius=&#8221;none&#8221; row_border_radius_applies=&#8221;bg&#8221; overflow=&#8221;visible&#8221; overlay_strength=&#8221;0.3&#8243; gradient_direction=&#8221;left_to_right&#8221; shape_divider_position=&#8221;bottom&#8221; bg_image_animation=&#8221;none&#8221;][vc_column column_padding=&#8221;no-extra-padding&#8221; column_padding_tablet=&#8221;inherit&#8221; column_padding_phone=&#8221;inherit&#8221; column_padding_position=&#8221;all&#8221; column_element_spacing=&#8221;default&#8221; background_color_opacity=&#8221;1&#8243; background_hover_color_opacity=&#8221;1&#8243; column_shadow=&#8221;none&#8221; column_border_radius=&#8221;none&#8221; column_link_target=&#8221;_self&#8221; column_position=&#8221;default&#8221; gradient_direction=&#8221;left_to_right&#8221; overlay_strength=&#8221;0.3&#8243;...\" \/>\n<meta property=\"og:url\" content=\"https:\/\/medisenior.pt\/index.php\/politica-privacidade\/\" \/>\n<meta property=\"og:site_name\" content=\"MediSenior\" \/>\n<meta property=\"article:publisher\" content=\"https:\/\/www.facebook.com\/mediseniorpt\" \/>\n<meta property=\"article:modified_time\" content=\"2022-07-18T01:50:26+00:00\" \/>\n<meta name=\"twitter:card\" content=\"summary_large_image\" \/>\n<meta name=\"twitter:label1\" content=\"Tempo estimado de leitura\" \/>\n\t<meta name=\"twitter:data1\" content=\"4 minutos\" \/>\n<script type=\"application\/ld+json\" class=\"yoast-schema-graph\">{\"@context\":\"https:\/\/schema.org\",\"@graph\":[{\"@type\":\"WebPage\",\"@id\":\"https:\/\/medisenior.pt\/index.php\/politica-privacidade\/\",\"url\":\"https:\/\/medisenior.pt\/index.php\/politica-privacidade\/\",\"name\":\"Pol\u00edtica de Privacidade - MediSenior\",\"isPartOf\":{\"@id\":\"https:\/\/medisenior.pt\/#website\"},\"datePublished\":\"2022-06-28T22:17:54+00:00\",\"dateModified\":\"2022-07-18T01:50:26+00:00\",\"breadcrumb\":{\"@id\":\"https:\/\/medisenior.pt\/index.php\/politica-privacidade\/#breadcrumb\"},\"inLanguage\":\"pt-PT\",\"potentialAction\":[{\"@type\":\"ReadAction\",\"target\":[\"https:\/\/medisenior.pt\/index.php\/politica-privacidade\/\"]}]},{\"@type\":\"BreadcrumbList\",\"@id\":\"https:\/\/medisenior.pt\/index.php\/politica-privacidade\/#breadcrumb\",\"itemListElement\":[{\"@type\":\"ListItem\",\"position\":1,\"name\":\"In\u00edcio\",\"item\":\"https:\/\/medisenior.pt\/\"},{\"@type\":\"ListItem\",\"position\":2,\"name\":\"Pol\u00edtica de Privacidade\"}]},{\"@type\":\"WebSite\",\"@id\":\"https:\/\/medisenior.pt\/#website\",\"url\":\"https:\/\/medisenior.pt\/\",\"name\":\"MediSenior\",\"description\":\"Vamos at\u00e9 si.\",\"publisher\":{\"@id\":\"https:\/\/medisenior.pt\/#organization\"},\"potentialAction\":[{\"@type\":\"SearchAction\",\"target\":{\"@type\":\"EntryPoint\",\"urlTemplate\":\"https:\/\/medisenior.pt\/?s={search_term_string}\"},\"query-input\":{\"@type\":\"PropertyValueSpecification\",\"valueRequired\":true,\"valueName\":\"search_term_string\"}}],\"inLanguage\":\"pt-PT\"},{\"@type\":\"Organization\",\"@id\":\"https:\/\/medisenior.pt\/#organization\",\"name\":\"MediSenior - Vamos at\u00e9 si\",\"url\":\"https:\/\/medisenior.pt\/\",\"logo\":{\"@type\":\"ImageObject\",\"inLanguage\":\"pt-PT\",\"@id\":\"https:\/\/medisenior.pt\/#\/schema\/logo\/image\/\",\"url\":\"https:\/\/medisenior.pt\/wp-content\/uploads\/2022\/06\/logo_medi60_B.png\",\"contentUrl\":\"https:\/\/medisenior.pt\/wp-content\/uploads\/2022\/06\/logo_medi60_B.png\",\"width\":267,\"height\":60,\"caption\":\"MediSenior - Vamos at\u00e9 si\"},\"image\":{\"@id\":\"https:\/\/medisenior.pt\/#\/schema\/logo\/image\/\"},\"sameAs\":[\"https:\/\/www.facebook.com\/mediseniorpt\",\"https:\/\/www.instagram.com\/mediseniorpt\/\"]}]}<\/script>\n<!-- \/ Yoast SEO plugin. -->","yoast_head_json":{"title":"Pol\u00edtica de Privacidade - MediSenior","robots":{"index":"index","follow":"follow","max-snippet":"max-snippet:-1","max-image-preview":"max-image-preview:large","max-video-preview":"max-video-preview:-1"},"canonical":"https:\/\/medisenior.pt\/index.php\/politica-privacidade\/","og_locale":"pt_PT","og_type":"article","og_title":"Pol\u00edtica de Privacidade - MediSenior","og_description":"[vc_row type=&#8221;in_container&#8221; full_screen_row_position=&#8221;middle&#8221; column_margin=&#8221;default&#8221; column_direction=&#8221;default&#8221; column_direction_tablet=&#8221;default&#8221; column_direction_phone=&#8221;default&#8221; scene_position=&#8221;center&#8221; text_color=&#8221;dark&#8221; text_align=&#8221;left&#8221; row_border_radius=&#8221;none&#8221; row_border_radius_applies=&#8221;bg&#8221; overflow=&#8221;visible&#8221; overlay_strength=&#8221;0.3&#8243; gradient_direction=&#8221;left_to_right&#8221; shape_divider_position=&#8221;bottom&#8221; bg_image_animation=&#8221;none&#8221;][vc_column column_padding=&#8221;no-extra-padding&#8221; column_padding_tablet=&#8221;inherit&#8221; column_padding_phone=&#8221;inherit&#8221; column_padding_position=&#8221;all&#8221; column_element_spacing=&#8221;default&#8221; background_color_opacity=&#8221;1&#8243; background_hover_color_opacity=&#8221;1&#8243; column_shadow=&#8221;none&#8221; column_border_radius=&#8221;none&#8221; column_link_target=&#8221;_self&#8221; column_position=&#8221;default&#8221; gradient_direction=&#8221;left_to_right&#8221; overlay_strength=&#8221;0.3&#8243;...","og_url":"https:\/\/medisenior.pt\/index.php\/politica-privacidade\/","og_site_name":"MediSenior","article_publisher":"https:\/\/www.facebook.com\/mediseniorpt","article_modified_time":"2022-07-18T01:50:26+00:00","twitter_card":"summary_large_image","twitter_misc":{"Tempo estimado de leitura":"4 minutos"},"schema":{"@context":"https:\/\/schema.org","@graph":[{"@type":"WebPage","@id":"https:\/\/medisenior.pt\/index.php\/politica-privacidade\/","url":"https:\/\/medisenior.pt\/index.php\/politica-privacidade\/","name":"Pol\u00edtica de Privacidade - MediSenior","isPartOf":{"@id":"https:\/\/medisenior.pt\/#website"},"datePublished":"2022-06-28T22:17:54+00:00","dateModified":"2022-07-18T01:50:26+00:00","breadcrumb":{"@id":"https:\/\/medisenior.pt\/index.php\/politica-privacidade\/#breadcrumb"},"inLanguage":"pt-PT","potentialAction":[{"@type":"ReadAction","target":["https:\/\/medisenior.pt\/index.php\/politica-privacidade\/"]}]},{"@type":"BreadcrumbList","@id":"https:\/\/medisenior.pt\/index.php\/politica-privacidade\/#breadcrumb","itemListElement":[{"@type":"ListItem","position":1,"name":"In\u00edcio","item":"https:\/\/medisenior.pt\/"},{"@type":"ListItem","position":2,"name":"Pol\u00edtica de Privacidade"}]},{"@type":"WebSite","@id":"https:\/\/medisenior.pt\/#website","url":"https:\/\/medisenior.pt\/","name":"MediSenior","description":"Vamos at\u00e9 si.","publisher":{"@id":"https:\/\/medisenior.pt\/#organization"},"potentialAction":[{"@type":"SearchAction","target":{"@type":"EntryPoint","urlTemplate":"https:\/\/medisenior.pt\/?s={search_term_string}"},"query-input":{"@type":"PropertyValueSpecification","valueRequired":true,"valueName":"search_term_string"}}],"inLanguage":"pt-PT"},{"@type":"Organization","@id":"https:\/\/medisenior.pt\/#organization","name":"MediSenior - Vamos at\u00e9 si","url":"https:\/\/medisenior.pt\/","logo":{"@type":"ImageObject","inLanguage":"pt-PT","@id":"https:\/\/medisenior.pt\/#\/schema\/logo\/image\/","url":"https:\/\/medisenior.pt\/wp-content\/uploads\/2022\/06\/logo_medi60_B.png","contentUrl":"https:\/\/medisenior.pt\/wp-content\/uploads\/2022\/06\/logo_medi60_B.png","width":267,"height":60,"caption":"MediSenior - Vamos at\u00e9 si"},"image":{"@id":"https:\/\/medisenior.pt\/#\/schema\/logo\/image\/"},"sameAs":["https:\/\/www.facebook.com\/mediseniorpt","https:\/\/www.instagram.com\/mediseniorpt\/"]}]}},"_links":{"self":[{"href":"https:\/\/medisenior.pt\/index.php\/wp-json\/wp\/v2\/pages\/3","targetHints":{"allow":["GET"]}}],"collection":[{"href":"https:\/\/medisenior.pt\/index.php\/wp-json\/wp\/v2\/pages"}],"about":[{"href":"https:\/\/medisenior.pt\/index.php\/wp-json\/wp\/v2\/types\/page"}],"author":[{"embeddable":true,"href":"https:\/\/medisenior.pt\/index.php\/wp-json\/wp\/v2\/users\/1"}],"replies":[{"embeddable":true,"href":"https:\/\/medisenior.pt\/index.php\/wp-json\/wp\/v2\/comments?post=3"}],"version-history":[{"count":2,"href":"https:\/\/medisenior.pt\/index.php\/wp-json\/wp\/v2\/pages\/3\/revisions"}],"predecessor-version":[{"id":628,"href":"https:\/\/medisenior.pt\/index.php\/wp-json\/wp\/v2\/pages\/3\/revisions\/628"}],"wp:attachment":[{"href":"https:\/\/medisenior.pt\/index.php\/wp-json\/wp\/v2\/media?parent=3"}],"curies":[{"name":"wp","href":"https:\/\/api.w.org\/{rel}","templated":true}]}}