{"id":503,"date":"2022-07-13T02:17:46","date_gmt":"2022-07-13T02:17:46","guid":{"rendered":"https:\/\/medisenior.pt\/?page_id=503"},"modified":"2022-07-25T23:44:32","modified_gmt":"2022-07-25T23:44:32","slug":"faqs","status":"publish","type":"page","link":"https:\/\/medisenior.pt\/index.php\/faqs\/","title":{"rendered":"FAQs"},"content":{"rendered":"[vc_row type=&#8221;full_width_content&#8221; full_screen_row_position=&#8221;middle&#8221; column_margin=&#8221;default&#8221; equal_height=&#8221;yes&#8221; column_direction=&#8221;default&#8221; column_direction_tablet=&#8221;default&#8221; column_direction_phone=&#8221;default&#8221; bg_image=&#8221;657&#8243; bg_position=&#8221;center center&#8221; background_image_loading=&#8221;default&#8221; bg_repeat=&#8221;no-repeat&#8221; scene_position=&#8221;center&#8221; top_padding=&#8221;8%&#8221; bottom_padding=&#8221;8%&#8221; top_padding_tablet=&#8221;20%&#8221; bottom_padding_tablet=&#8221;25%&#8221; text_color=&#8221;light&#8221; text_align=&#8221;left&#8221; row_border_radius=&#8221;none&#8221; row_border_radius_applies=&#8221;bg&#8221; overflow=&#8221;visible&#8221; id=&#8221;home&#8221; enable_gradient=&#8221;true&#8221; color_overlay=&#8221;#36302c&#8221; advanced_gradient_angle=&#8221;0&#8243; overlay_strength=&#8221;0.8&#8243; gradient_direction=&#8221;left_to_right&#8221; shape_divider_position=&#8221;bottom&#8221; bg_image_animation=&#8221;none&#8221; parallax_bg=&#8221;true&#8221; parallax_bg_speed=&#8221;fast&#8221; shape_type=&#8221;curve&#8221; gradient_type=&#8221;default&#8221;][vc_column column_padding=&#8221;no-extra-padding&#8221; column_padding_tablet=&#8221;inherit&#8221; column_padding_phone=&#8221;inherit&#8221; column_padding_position=&#8221;all&#8221; column_element_spacing=&#8221;default&#8221; centered_text=&#8221;true&#8221; background_color_opacity=&#8221;1&#8243; background_hover_color_opacity=&#8221;1&#8243; column_shadow=&#8221;none&#8221; column_border_radius=&#8221;none&#8221; column_link_target=&#8221;_self&#8221; column_position=&#8221;default&#8221; gradient_direction=&#8221;left_to_right&#8221; overlay_strength=&#8221;0.3&#8243; width=&#8221;1\/1&#8243; tablet_width_inherit=&#8221;default&#8221; tablet_text_alignment=&#8221;default&#8221; phone_text_alignment=&#8221;default&#8221; animation_type=&#8221;default&#8221; bg_image_animation=&#8221;none&#8221; border_type=&#8221;simple&#8221; column_border_width=&#8221;none&#8221; column_border_style=&#8221;solid&#8221;][vc_row_inner column_margin=&#8221;none&#8221; column_direction=&#8221;default&#8221; column_direction_tablet=&#8221;default&#8221; column_direction_phone=&#8221;default&#8221; bottom_padding=&#8221;60&#8243; bottom_padding_tablet=&#8221;20&#8243; text_align=&#8221;left&#8221; row_position=&#8221;default&#8221; row_position_tablet=&#8221;inherit&#8221; row_position_phone=&#8221;inherit&#8221; overflow=&#8221;visible&#8221; pointer_events=&#8221;all&#8221;][vc_column_inner column_padding=&#8221;no-extra-padding&#8221; column_padding_tablet=&#8221;inherit&#8221; column_padding_phone=&#8221;inherit&#8221; column_padding_position=&#8221;all&#8221; column_element_spacing=&#8221;default&#8221; background_color_opacity=&#8221;1&#8243; background_hover_color_opacity=&#8221;1&#8243; column_shadow=&#8221;none&#8221; column_border_radius=&#8221;none&#8221; column_link_target=&#8221;_self&#8221; gradient_direction=&#8221;left_to_right&#8221; overlay_strength=&#8221;0.3&#8243; width=&#8221;1\/6&#8243; tablet_width_inherit=&#8221;default&#8221; animation_type=&#8221;default&#8221; enable_animation=&#8221;true&#8221; animation=&#8221;fade-in-from-bottom&#8221; bg_image_animation=&#8221;none&#8221; border_type=&#8221;simple&#8221; column_border_width=&#8221;none&#8221; column_border_style=&#8221;solid&#8221;][\/vc_column_inner][vc_column_inner column_padding=&#8221;no-extra-padding&#8221; column_padding_tablet=&#8221;inherit&#8221; column_padding_phone=&#8221;inherit&#8221; column_padding_position=&#8221;all&#8221; column_element_spacing=&#8221;default&#8221; background_color_opacity=&#8221;1&#8243; background_hover_color_opacity=&#8221;1&#8243; column_shadow=&#8221;none&#8221; column_border_radius=&#8221;none&#8221; column_link_target=&#8221;_self&#8221; gradient_direction=&#8221;left_to_right&#8221; overlay_strength=&#8221;0.3&#8243; width=&#8221;2\/3&#8243; tablet_width_inherit=&#8221;default&#8221; animation_type=&#8221;default&#8221; enable_animation=&#8221;true&#8221; animation=&#8221;fade-in-from-bottom&#8221; bg_image_animation=&#8221;none&#8221; border_type=&#8221;simple&#8221; column_border_width=&#8221;none&#8221; column_border_style=&#8221;solid&#8221;][nectar_highlighted_text color_type=&#8221;gradient&#8221; highlight_color=&#8221;#cb2234&#8243; secondary_color=&#8221;rgba(255,255,255,0.01)&#8221; text_color=&#8221;#ffffff&#8221; style=&#8221;half_text&#8221; custom_font_size=&#8221;8vh&#8221; delay=&#8221;200&#8243;]\n<h1>Perguntas <em>Frequentes<\/em><\/h1>\n[\/nectar_highlighted_text][nectar_cta btn_style=&#8221;arrow-animation&#8221; heading_tag=&#8221;h5&#8243; text_color=&#8221;#ffffff&#8221; button_color=&#8221;default&#8221; button_border_thickness=&#8221;0px&#8221; link_type=&#8221;regular&#8221; alignment=&#8221;center&#8221; alignment_tablet=&#8221;default&#8221; alignment_phone=&#8221;default&#8221; display=&#8221;block&#8221; display_tablet=&#8221;inherit&#8221; display_phone=&#8221;inherit&#8221; link_text=&#8221;Fale connosco&#8221; margin_top=&#8221;50px&#8221; url=&#8221;https:\/\/medisenior.pt\/index.php\/contatos\/&#8221;][\/vc_column_inner][vc_column_inner column_padding=&#8221;no-extra-padding&#8221; column_padding_tablet=&#8221;inherit&#8221; column_padding_phone=&#8221;inherit&#8221; column_padding_position=&#8221;all&#8221; column_element_spacing=&#8221;default&#8221; background_color_opacity=&#8221;1&#8243; background_hover_color_opacity=&#8221;1&#8243; column_shadow=&#8221;none&#8221; column_border_radius=&#8221;none&#8221; column_link_target=&#8221;_self&#8221; gradient_direction=&#8221;left_to_right&#8221; overlay_strength=&#8221;0.3&#8243; width=&#8221;1\/6&#8243; tablet_width_inherit=&#8221;default&#8221; animation_type=&#8221;default&#8221; bg_image_animation=&#8221;none&#8221; border_type=&#8221;simple&#8221; column_border_width=&#8221;none&#8221; column_border_style=&#8221;solid&#8221;][\/vc_column_inner][\/vc_row_inner][\/vc_column][\/vc_row][vc_row type=&#8221;full_width_background&#8221; full_screen_row_position=&#8221;middle&#8221; column_margin=&#8221;default&#8221; column_direction=&#8221;default&#8221; column_direction_tablet=&#8221;default&#8221; column_direction_phone=&#8221;default&#8221; bg_color=&#8221;#ffffff&#8221; scene_position=&#8221;center&#8221; top_padding=&#8221;6%&#8221; bottom_padding=&#8221;6%&#8221; text_color=&#8221;dark&#8221; text_align=&#8221;left&#8221; row_border_radius=&#8221;none&#8221; row_border_radius_applies=&#8221;bg&#8221; overflow=&#8221;visible&#8221; id=&#8221;services&#8221; advanced_gradient_angle=&#8221;0&#8243; overlay_strength=&#8221;0.3&#8243; gradient_direction=&#8221;left_to_right&#8221; shape_divider_position=&#8221;bottom&#8221; bg_image_animation=&#8221;none&#8221; shape_type=&#8221;&#8221; gradient_type=&#8221;default&#8221;][vc_column column_padding=&#8221;no-extra-padding&#8221; column_padding_tablet=&#8221;inherit&#8221; column_padding_phone=&#8221;inherit&#8221; column_padding_position=&#8221;all&#8221; column_element_spacing=&#8221;default&#8221; background_color_opacity=&#8221;1&#8243; background_hover_color_opacity=&#8221;1&#8243; column_shadow=&#8221;none&#8221; column_border_radius=&#8221;none&#8221; column_link_target=&#8221;_self&#8221; column_position=&#8221;default&#8221; gradient_direction=&#8221;left_to_right&#8221; overlay_strength=&#8221;0.3&#8243; width=&#8221;1\/1&#8243; tablet_width_inherit=&#8221;default&#8221; tablet_text_alignment=&#8221;default&#8221; phone_text_alignment=&#8221;default&#8221; animation_type=&#8221;default&#8221; bg_image_animation=&#8221;none&#8221; border_type=&#8221;simple&#8221; column_border_width=&#8221;none&#8221; column_border_style=&#8221;solid&#8221;][toggles style=&#8221;minimal&#8221;][toggle color=&#8221;Default&#8221; heading_tag=&#8221;default&#8221; title=&#8221;Quem pode usufruir dos servi\u00e7os MediSenior?&#8221;][vc_column_text]Apesar de estarmos diferenciados nos cuidados geri\u00e1tricos, qualquer pessoa de qualquer faixa et\u00e1ria pode solicitar uma consulta m\u00e9dica ou de enfermagem ao domic\u00edlio.[\/vc_column_text][\/toggle][toggle color=&#8221;Default&#8221; heading_tag=&#8221;default&#8221; title=&#8221;A Medisenior disp\u00f5e de espa\u00e7o f\u00edsico?&#8221;][vc_column_text]A nossa empresa est\u00e1 sediada na cidade de Santa Maria da Feira mas n\u00e3o dispomos de espa\u00e7o f\u00edsico para presta\u00e7\u00e3o de cuidados (cl\u00ednica).[\/vc_column_text][\/toggle][toggle color=&#8221;Default&#8221; heading_tag=&#8221;default&#8221; title=&#8221;A Medisenior dispoe de planos de sa\u00fade para diferentes faixas et\u00e1rias?&#8221;][vc_column_text]Neste momento apenas dispomos de planos de sa\u00fade para a terceira idade.[\/vc_column_text][\/toggle][toggle color=&#8221;Default&#8221; heading_tag=&#8221;default&#8221; title=&#8221;A Medisenior desloca-se a institui\u00e7\u00f5es de saude como lares e centros de dia para consultas?&#8221;][vc_column_text]Caso seja solicitado pelo idoso e sempre que permitido pela dire\u00e7\u00e3o t\u00e9cnica, sim.[\/vc_column_text][\/toggle][toggle color=&#8221;Default&#8221; heading_tag=&#8221;default&#8221; title=&#8221;O valor dos servi\u00e7os \u00e9 sempre o mesmo independentemente da localiza\u00e7\u00e3o do dom\u00edcilio do utente?&#8221;][vc_column_text]Poder\u00e1 ser cobrada uma taxa adicional de acordo com a dist\u00e2ncia da sede.[\/vc_column_text][\/toggle][\/toggles][\/vc_column][\/vc_row]\n","protected":false},"excerpt":{"rendered":"<p>[vc_row type=&#8221;full_width_content&#8221; full_screen_row_position=&#8221;middle&#8221; column_margin=&#8221;default&#8221; equal_height=&#8221;yes&#8221; column_direction=&#8221;default&#8221; column_direction_tablet=&#8221;default&#8221; column_direction_phone=&#8221;default&#8221; bg_image=&#8221;657&#8243; bg_position=&#8221;center center&#8221; background_image_loading=&#8221;default&#8221; bg_repeat=&#8221;no-repeat&#8221; scene_position=&#8221;center&#8221; top_padding=&#8221;8%&#8221; bottom_padding=&#8221;8%&#8221; top_padding_tablet=&#8221;20%&#8221; bottom_padding_tablet=&#8221;25%&#8221; text_color=&#8221;light&#8221; text_align=&#8221;left&#8221; row_border_radius=&#8221;none&#8221; row_border_radius_applies=&#8221;bg&#8221; overflow=&#8221;visible&#8221; id=&#8221;home&#8221; enable_gradient=&#8221;true&#8221; color_overlay=&#8221;#36302c&#8221; advanced_gradient_angle=&#8221;0&#8243; overlay_strength=&#8221;0.8&#8243; gradient_direction=&#8221;left_to_right&#8221; shape_divider_position=&#8221;bottom&#8221;&#8230;<\/p>\n","protected":false},"author":1,"featured_media":0,"parent":0,"menu_order":0,"comment_status":"closed","ping_status":"closed","template":"","meta":{"footnotes":""},"class_list":["post-503","page","type-page","status-publish"],"yoast_head":"<!-- This site is optimized with the Yoast SEO plugin v23.4 - https:\/\/yoast.com\/wordpress\/plugins\/seo\/ -->\n<title>FAQs - MediSenior<\/title>\n<meta name=\"robots\" content=\"index, follow, max-snippet:-1, max-image-preview:large, max-video-preview:-1\" \/>\n<link rel=\"canonical\" href=\"https:\/\/medisenior.pt\/index.php\/faqs\/\" \/>\n<meta property=\"og:locale\" content=\"pt_PT\" \/>\n<meta property=\"og:type\" content=\"article\" \/>\n<meta property=\"og:title\" content=\"FAQs - MediSenior\" \/>\n<meta property=\"og:description\" content=\"[vc_row type=&#8221;full_width_content&#8221; full_screen_row_position=&#8221;middle&#8221; column_margin=&#8221;default&#8221; equal_height=&#8221;yes&#8221; column_direction=&#8221;default&#8221; column_direction_tablet=&#8221;default&#8221; column_direction_phone=&#8221;default&#8221; bg_image=&#8221;657&#8243; bg_position=&#8221;center center&#8221; background_image_loading=&#8221;default&#8221; bg_repeat=&#8221;no-repeat&#8221; scene_position=&#8221;center&#8221; top_padding=&#8221;8%&#8221; bottom_padding=&#8221;8%&#8221; top_padding_tablet=&#8221;20%&#8221; bottom_padding_tablet=&#8221;25%&#8221; text_color=&#8221;light&#8221; text_align=&#8221;left&#8221; row_border_radius=&#8221;none&#8221; row_border_radius_applies=&#8221;bg&#8221; overflow=&#8221;visible&#8221; id=&#8221;home&#8221; enable_gradient=&#8221;true&#8221; color_overlay=&#8221;#36302c&#8221; advanced_gradient_angle=&#8221;0&#8243; overlay_strength=&#8221;0.8&#8243; gradient_direction=&#8221;left_to_right&#8221; shape_divider_position=&#8221;bottom&#8221;...\" \/>\n<meta property=\"og:url\" content=\"https:\/\/medisenior.pt\/index.php\/faqs\/\" \/>\n<meta property=\"og:site_name\" content=\"MediSenior\" \/>\n<meta property=\"article:publisher\" content=\"https:\/\/www.facebook.com\/mediseniorpt\" \/>\n<meta property=\"article:modified_time\" content=\"2022-07-25T23:44:32+00:00\" \/>\n<meta name=\"twitter:card\" content=\"summary_large_image\" \/>\n<meta name=\"twitter:label1\" content=\"Tempo estimado de leitura\" \/>\n\t<meta name=\"twitter:data1\" content=\"5 minutos\" \/>\n<script type=\"application\/ld+json\" class=\"yoast-schema-graph\">{\"@context\":\"https:\/\/schema.org\",\"@graph\":[{\"@type\":\"WebPage\",\"@id\":\"https:\/\/medisenior.pt\/index.php\/faqs\/\",\"url\":\"https:\/\/medisenior.pt\/index.php\/faqs\/\",\"name\":\"FAQs - MediSenior\",\"isPartOf\":{\"@id\":\"https:\/\/medisenior.pt\/#website\"},\"datePublished\":\"2022-07-13T02:17:46+00:00\",\"dateModified\":\"2022-07-25T23:44:32+00:00\",\"breadcrumb\":{\"@id\":\"https:\/\/medisenior.pt\/index.php\/faqs\/#breadcrumb\"},\"inLanguage\":\"pt-PT\",\"potentialAction\":[{\"@type\":\"ReadAction\",\"target\":[\"https:\/\/medisenior.pt\/index.php\/faqs\/\"]}]},{\"@type\":\"BreadcrumbList\",\"@id\":\"https:\/\/medisenior.pt\/index.php\/faqs\/#breadcrumb\",\"itemListElement\":[{\"@type\":\"ListItem\",\"position\":1,\"name\":\"In\u00edcio\",\"item\":\"https:\/\/medisenior.pt\/\"},{\"@type\":\"ListItem\",\"position\":2,\"name\":\"FAQs\"}]},{\"@type\":\"WebSite\",\"@id\":\"https:\/\/medisenior.pt\/#website\",\"url\":\"https:\/\/medisenior.pt\/\",\"name\":\"MediSenior\",\"description\":\"Vamos at\u00e9 si.\",\"publisher\":{\"@id\":\"https:\/\/medisenior.pt\/#organization\"},\"potentialAction\":[{\"@type\":\"SearchAction\",\"target\":{\"@type\":\"EntryPoint\",\"urlTemplate\":\"https:\/\/medisenior.pt\/?s={search_term_string}\"},\"query-input\":{\"@type\":\"PropertyValueSpecification\",\"valueRequired\":true,\"valueName\":\"search_term_string\"}}],\"inLanguage\":\"pt-PT\"},{\"@type\":\"Organization\",\"@id\":\"https:\/\/medisenior.pt\/#organization\",\"name\":\"MediSenior - Vamos at\u00e9 si\",\"url\":\"https:\/\/medisenior.pt\/\",\"logo\":{\"@type\":\"ImageObject\",\"inLanguage\":\"pt-PT\",\"@id\":\"https:\/\/medisenior.pt\/#\/schema\/logo\/image\/\",\"url\":\"https:\/\/medisenior.pt\/wp-content\/uploads\/2022\/06\/logo_medi60_B.png\",\"contentUrl\":\"https:\/\/medisenior.pt\/wp-content\/uploads\/2022\/06\/logo_medi60_B.png\",\"width\":267,\"height\":60,\"caption\":\"MediSenior - Vamos at\u00e9 si\"},\"image\":{\"@id\":\"https:\/\/medisenior.pt\/#\/schema\/logo\/image\/\"},\"sameAs\":[\"https:\/\/www.facebook.com\/mediseniorpt\",\"https:\/\/www.instagram.com\/mediseniorpt\/\"]}]}<\/script>\n<!-- \/ Yoast SEO plugin. -->","yoast_head_json":{"title":"FAQs - MediSenior","robots":{"index":"index","follow":"follow","max-snippet":"max-snippet:-1","max-image-preview":"max-image-preview:large","max-video-preview":"max-video-preview:-1"},"canonical":"https:\/\/medisenior.pt\/index.php\/faqs\/","og_locale":"pt_PT","og_type":"article","og_title":"FAQs - MediSenior","og_description":"[vc_row type=&#8221;full_width_content&#8221; full_screen_row_position=&#8221;middle&#8221; column_margin=&#8221;default&#8221; equal_height=&#8221;yes&#8221; column_direction=&#8221;default&#8221; column_direction_tablet=&#8221;default&#8221; column_direction_phone=&#8221;default&#8221; bg_image=&#8221;657&#8243; bg_position=&#8221;center center&#8221; background_image_loading=&#8221;default&#8221; bg_repeat=&#8221;no-repeat&#8221; scene_position=&#8221;center&#8221; top_padding=&#8221;8%&#8221; bottom_padding=&#8221;8%&#8221; top_padding_tablet=&#8221;20%&#8221; bottom_padding_tablet=&#8221;25%&#8221; text_color=&#8221;light&#8221; text_align=&#8221;left&#8221; row_border_radius=&#8221;none&#8221; row_border_radius_applies=&#8221;bg&#8221; overflow=&#8221;visible&#8221; id=&#8221;home&#8221; enable_gradient=&#8221;true&#8221; color_overlay=&#8221;#36302c&#8221; advanced_gradient_angle=&#8221;0&#8243; overlay_strength=&#8221;0.8&#8243; gradient_direction=&#8221;left_to_right&#8221; shape_divider_position=&#8221;bottom&#8221;...","og_url":"https:\/\/medisenior.pt\/index.php\/faqs\/","og_site_name":"MediSenior","article_publisher":"https:\/\/www.facebook.com\/mediseniorpt","article_modified_time":"2022-07-25T23:44:32+00:00","twitter_card":"summary_large_image","twitter_misc":{"Tempo estimado de leitura":"5 minutos"},"schema":{"@context":"https:\/\/schema.org","@graph":[{"@type":"WebPage","@id":"https:\/\/medisenior.pt\/index.php\/faqs\/","url":"https:\/\/medisenior.pt\/index.php\/faqs\/","name":"FAQs - MediSenior","isPartOf":{"@id":"https:\/\/medisenior.pt\/#website"},"datePublished":"2022-07-13T02:17:46+00:00","dateModified":"2022-07-25T23:44:32+00:00","breadcrumb":{"@id":"https:\/\/medisenior.pt\/index.php\/faqs\/#breadcrumb"},"inLanguage":"pt-PT","potentialAction":[{"@type":"ReadAction","target":["https:\/\/medisenior.pt\/index.php\/faqs\/"]}]},{"@type":"BreadcrumbList","@id":"https:\/\/medisenior.pt\/index.php\/faqs\/#breadcrumb","itemListElement":[{"@type":"ListItem","position":1,"name":"In\u00edcio","item":"https:\/\/medisenior.pt\/"},{"@type":"ListItem","position":2,"name":"FAQs"}]},{"@type":"WebSite","@id":"https:\/\/medisenior.pt\/#website","url":"https:\/\/medisenior.pt\/","name":"MediSenior","description":"Vamos at\u00e9 si.","publisher":{"@id":"https:\/\/medisenior.pt\/#organization"},"potentialAction":[{"@type":"SearchAction","target":{"@type":"EntryPoint","urlTemplate":"https:\/\/medisenior.pt\/?s={search_term_string}"},"query-input":{"@type":"PropertyValueSpecification","valueRequired":true,"valueName":"search_term_string"}}],"inLanguage":"pt-PT"},{"@type":"Organization","@id":"https:\/\/medisenior.pt\/#organization","name":"MediSenior - Vamos at\u00e9 si","url":"https:\/\/medisenior.pt\/","logo":{"@type":"ImageObject","inLanguage":"pt-PT","@id":"https:\/\/medisenior.pt\/#\/schema\/logo\/image\/","url":"https:\/\/medisenior.pt\/wp-content\/uploads\/2022\/06\/logo_medi60_B.png","contentUrl":"https:\/\/medisenior.pt\/wp-content\/uploads\/2022\/06\/logo_medi60_B.png","width":267,"height":60,"caption":"MediSenior - Vamos at\u00e9 si"},"image":{"@id":"https:\/\/medisenior.pt\/#\/schema\/logo\/image\/"},"sameAs":["https:\/\/www.facebook.com\/mediseniorpt","https:\/\/www.instagram.com\/mediseniorpt\/"]}]}},"_links":{"self":[{"href":"https:\/\/medisenior.pt\/index.php\/wp-json\/wp\/v2\/pages\/503","targetHints":{"allow":["GET"]}}],"collection":[{"href":"https:\/\/medisenior.pt\/index.php\/wp-json\/wp\/v2\/pages"}],"about":[{"href":"https:\/\/medisenior.pt\/index.php\/wp-json\/wp\/v2\/types\/page"}],"author":[{"embeddable":true,"href":"https:\/\/medisenior.pt\/index.php\/wp-json\/wp\/v2\/users\/1"}],"replies":[{"embeddable":true,"href":"https:\/\/medisenior.pt\/index.php\/wp-json\/wp\/v2\/comments?post=503"}],"version-history":[{"count":11,"href":"https:\/\/medisenior.pt\/index.php\/wp-json\/wp\/v2\/pages\/503\/revisions"}],"predecessor-version":[{"id":737,"href":"https:\/\/medisenior.pt\/index.php\/wp-json\/wp\/v2\/pages\/503\/revisions\/737"}],"wp:attachment":[{"href":"https:\/\/medisenior.pt\/index.php\/wp-json\/wp\/v2\/media?parent=503"}],"curies":[{"name":"wp","href":"https:\/\/api.w.org\/{rel}","templated":true}]}}