{"id":622,"date":"2022-07-18T01:24:04","date_gmt":"2022-07-18T01:24:04","guid":{"rendered":"https:\/\/medisenior.pt\/?page_id=622"},"modified":"2024-09-16T10:06:59","modified_gmt":"2024-09-16T10:06:59","slug":"enfermagem-domicilio","status":"publish","type":"page","link":"https:\/\/medisenior.pt\/index.php\/enfermagem-domicilio\/","title":{"rendered":"Enfermagem ao domic\u00edlio"},"content":{"rendered":"[vc_row type=&#8221;full_width_content&#8221; full_screen_row_position=&#8221;middle&#8221; column_margin=&#8221;default&#8221; equal_height=&#8221;yes&#8221; column_direction=&#8221;default&#8221; column_direction_tablet=&#8221;default&#8221; column_direction_phone=&#8221;default&#8221; bg_image=&#8221;611&#8243; bg_position=&#8221;center center&#8221; background_image_loading=&#8221;default&#8221; bg_repeat=&#8221;no-repeat&#8221; scene_position=&#8221;center&#8221; top_padding=&#8221;8%&#8221; bottom_padding=&#8221;8%&#8221; top_padding_tablet=&#8221;20%&#8221; bottom_padding_tablet=&#8221;25%&#8221; text_color=&#8221;light&#8221; text_align=&#8221;left&#8221; row_border_radius=&#8221;none&#8221; row_border_radius_applies=&#8221;bg&#8221; overflow=&#8221;visible&#8221; id=&#8221;home&#8221; enable_gradient=&#8221;true&#8221; color_overlay=&#8221;#36302c&#8221; advanced_gradient_angle=&#8221;0&#8243; overlay_strength=&#8221;0.8&#8243; gradient_direction=&#8221;left_to_right&#8221; shape_divider_position=&#8221;bottom&#8221; bg_image_animation=&#8221;none&#8221; parallax_bg=&#8221;true&#8221; parallax_bg_speed=&#8221;fast&#8221; shape_type=&#8221;curve&#8221; gradient_type=&#8221;default&#8221;][vc_column column_padding=&#8221;no-extra-padding&#8221; column_padding_tablet=&#8221;inherit&#8221; column_padding_phone=&#8221;inherit&#8221; column_padding_position=&#8221;all&#8221; column_element_spacing=&#8221;default&#8221; centered_text=&#8221;true&#8221; background_color_opacity=&#8221;1&#8243; background_hover_color_opacity=&#8221;1&#8243; column_shadow=&#8221;none&#8221; column_border_radius=&#8221;none&#8221; column_link_target=&#8221;_self&#8221; column_position=&#8221;default&#8221; gradient_direction=&#8221;left_to_right&#8221; overlay_strength=&#8221;0.3&#8243; width=&#8221;1\/1&#8243; tablet_width_inherit=&#8221;default&#8221; tablet_text_alignment=&#8221;default&#8221; phone_text_alignment=&#8221;default&#8221; animation_type=&#8221;default&#8221; bg_image_animation=&#8221;none&#8221; border_type=&#8221;simple&#8221; column_border_width=&#8221;none&#8221; column_border_style=&#8221;solid&#8221;][vc_row_inner column_margin=&#8221;none&#8221; column_direction=&#8221;default&#8221; column_direction_tablet=&#8221;default&#8221; column_direction_phone=&#8221;default&#8221; bottom_padding=&#8221;60&#8243; bottom_padding_tablet=&#8221;20&#8243; text_align=&#8221;left&#8221; row_position=&#8221;default&#8221; row_position_tablet=&#8221;inherit&#8221; row_position_phone=&#8221;inherit&#8221; overflow=&#8221;visible&#8221; pointer_events=&#8221;all&#8221;][vc_column_inner column_padding=&#8221;no-extra-padding&#8221; column_padding_tablet=&#8221;inherit&#8221; column_padding_phone=&#8221;inherit&#8221; column_padding_position=&#8221;all&#8221; column_element_spacing=&#8221;default&#8221; background_color_opacity=&#8221;1&#8243; background_hover_color_opacity=&#8221;1&#8243; column_shadow=&#8221;none&#8221; column_border_radius=&#8221;none&#8221; column_link_target=&#8221;_self&#8221; gradient_direction=&#8221;left_to_right&#8221; overlay_strength=&#8221;0.3&#8243; width=&#8221;1\/6&#8243; tablet_width_inherit=&#8221;default&#8221; animation_type=&#8221;default&#8221; enable_animation=&#8221;true&#8221; animation=&#8221;fade-in-from-bottom&#8221; bg_image_animation=&#8221;none&#8221; border_type=&#8221;simple&#8221; column_border_width=&#8221;none&#8221; column_border_style=&#8221;solid&#8221;][\/vc_column_inner][vc_column_inner column_padding=&#8221;no-extra-padding&#8221; column_padding_tablet=&#8221;inherit&#8221; column_padding_phone=&#8221;inherit&#8221; column_padding_position=&#8221;all&#8221; column_element_spacing=&#8221;default&#8221; background_color_opacity=&#8221;1&#8243; background_hover_color_opacity=&#8221;1&#8243; column_shadow=&#8221;none&#8221; column_border_radius=&#8221;none&#8221; column_link_target=&#8221;_self&#8221; gradient_direction=&#8221;left_to_right&#8221; overlay_strength=&#8221;0.3&#8243; width=&#8221;2\/3&#8243; tablet_width_inherit=&#8221;default&#8221; animation_type=&#8221;default&#8221; enable_animation=&#8221;true&#8221; animation=&#8221;fade-in-from-bottom&#8221; bg_image_animation=&#8221;none&#8221; border_type=&#8221;simple&#8221; column_border_width=&#8221;none&#8221; column_border_style=&#8221;solid&#8221;][nectar_highlighted_text color_type=&#8221;gradient&#8221; highlight_color=&#8221;#cb2234&#8243; secondary_color=&#8221;rgba(255,255,255,0.01)&#8221; text_color=&#8221;#ffffff&#8221; style=&#8221;half_text&#8221; custom_font_size=&#8221;8vh&#8221; delay=&#8221;200&#8243;]\n<h1>Enfermagem ao <em>domic\u00edlio<\/em><\/h1>\n[\/nectar_highlighted_text][nectar_cta btn_style=&#8221;arrow-animation&#8221; heading_tag=&#8221;h5&#8243; text_color=&#8221;#ffffff&#8221; button_color=&#8221;accent-color&#8221; button_border_thickness=&#8221;0px&#8221; link_type=&#8221;regular&#8221; alignment=&#8221;center&#8221; alignment_tablet=&#8221;default&#8221; alignment_phone=&#8221;default&#8221; display=&#8221;block&#8221; display_tablet=&#8221;inherit&#8221; display_phone=&#8221;inherit&#8221; link_text=&#8221;Marcar consulta&#8221; margin_top=&#8221;50px&#8221; url=&#8221;https:\/\/medisenior.pt\/index.php\/contactos\/&#8221; padding_top=&#8221;15&#8243; padding_bottom=&#8221;15&#8243; padding_left=&#8221;15&#8243; padding_right=&#8221;15&#8243;][\/vc_column_inner][vc_column_inner column_padding=&#8221;no-extra-padding&#8221; column_padding_tablet=&#8221;inherit&#8221; column_padding_phone=&#8221;inherit&#8221; column_padding_position=&#8221;all&#8221; column_element_spacing=&#8221;default&#8221; background_color_opacity=&#8221;1&#8243; background_hover_color_opacity=&#8221;1&#8243; column_shadow=&#8221;none&#8221; column_border_radius=&#8221;none&#8221; column_link_target=&#8221;_self&#8221; gradient_direction=&#8221;left_to_right&#8221; overlay_strength=&#8221;0.3&#8243; width=&#8221;1\/6&#8243; tablet_width_inherit=&#8221;default&#8221; animation_type=&#8221;default&#8221; bg_image_animation=&#8221;none&#8221; border_type=&#8221;simple&#8221; column_border_width=&#8221;none&#8221; column_border_style=&#8221;solid&#8221;][\/vc_column_inner][\/vc_row_inner][\/vc_column][\/vc_row][vc_row type=&#8221;full_width_background&#8221; full_screen_row_position=&#8221;middle&#8221; column_margin=&#8221;default&#8221; column_direction=&#8221;default&#8221; column_direction_tablet=&#8221;default&#8221; column_direction_phone=&#8221;default&#8221; bg_color=&#8221;#ffffff&#8221; scene_position=&#8221;center&#8221; top_padding=&#8221;6%&#8221; bottom_padding=&#8221;6%&#8221; text_color=&#8221;dark&#8221; text_align=&#8221;left&#8221; row_border_radius=&#8221;none&#8221; row_border_radius_applies=&#8221;bg&#8221; overflow=&#8221;visible&#8221; id=&#8221;services&#8221; advanced_gradient_angle=&#8221;0&#8243; overlay_strength=&#8221;0.3&#8243; gradient_direction=&#8221;left_to_right&#8221; shape_divider_position=&#8221;bottom&#8221; bg_image_animation=&#8221;none&#8221; shape_type=&#8221;&#8221; gradient_type=&#8221;default&#8221;][vc_column column_padding=&#8221;no-extra-padding&#8221; column_padding_tablet=&#8221;inherit&#8221; column_padding_phone=&#8221;inherit&#8221; column_padding_position=&#8221;all&#8221; column_element_spacing=&#8221;default&#8221; background_color_opacity=&#8221;1&#8243; background_hover_color_opacity=&#8221;1&#8243; column_shadow=&#8221;none&#8221; column_border_radius=&#8221;none&#8221; column_link_target=&#8221;_self&#8221; column_position=&#8221;default&#8221; gradient_direction=&#8221;left_to_right&#8221; overlay_strength=&#8221;0.3&#8243; width=&#8221;1\/4&#8243; tablet_width_inherit=&#8221;default&#8221; tablet_text_alignment=&#8221;default&#8221; phone_text_alignment=&#8221;default&#8221; animation_type=&#8221;default&#8221; bg_image_animation=&#8221;none&#8221; border_type=&#8221;simple&#8221; column_border_width=&#8221;none&#8221; column_border_style=&#8221;solid&#8221;][\/vc_column][vc_column column_padding=&#8221;no-extra-padding&#8221; column_padding_tablet=&#8221;inherit&#8221; column_padding_phone=&#8221;inherit&#8221; column_padding_position=&#8221;all&#8221; column_element_spacing=&#8221;default&#8221; background_color_opacity=&#8221;1&#8243; background_hover_color_opacity=&#8221;1&#8243; column_shadow=&#8221;none&#8221; column_border_radius=&#8221;none&#8221; column_link_target=&#8221;_self&#8221; column_position=&#8221;default&#8221; gradient_direction=&#8221;left_to_right&#8221; overlay_strength=&#8221;0.3&#8243; width=&#8221;1\/2&#8243; tablet_width_inherit=&#8221;default&#8221; tablet_text_alignment=&#8221;default&#8221; phone_text_alignment=&#8221;default&#8221; animation_type=&#8221;default&#8221; bg_image_animation=&#8221;none&#8221; border_type=&#8221;simple&#8221; column_border_width=&#8221;none&#8221; column_border_style=&#8221;solid&#8221;][vc_column_text css=&#8221;.vc_custom_1726481130305{margin-bottom: 50px !important;}&#8221;]O enfermeiro \u00e9 um profissional de sa\u00fade que atua na base da proximidade com o utente.<br \/>\nTem um papel fundamental na promo\u00e7\u00e3o, reabilita\u00e7\u00e3o, preven\u00e7\u00e3o e tratamento da sa\u00fade no domic\u00edlio da pessoa s\u00e9nior.<\/p>\n<p>Com o servi\u00e7o de enfermagem ao domic\u00edlio, pretendemos ser aquela cara familiar que o visita periodicamente para cuidar de si!<\/p>\n<p>A nossa equipa de enfermagem est\u00e1 capacitada para a presta\u00e7\u00e3o de cuidados diferenciados promovendo o bem estar dos nossos utentes.<\/p>\n<p>Temos como objetivo a preven\u00e7\u00e3o da doen\u00e7a e a agudiza\u00e7\u00e3o das doen\u00e7as cr\u00f3nicas havendo articula\u00e7\u00e3o direta com a equipa m\u00e9dica sempre que necess\u00e1rio.[\/vc_column_text][nectar_highlighted_text color_type=&#8221;gradient&#8221; highlight_color=&#8221;#cb2234&#8243; secondary_color=&#8221;#ffffff&#8221; style=&#8221;regular_underline&#8221; highlight_expansion=&#8221;default&#8221; underline_thickness=&#8221;default&#8221;]\n<h3><em>Procedimentos de Enfermagem:<\/em><\/h3>\n[\/nectar_highlighted_text][vc_column_text]\n<ul>\n<li>Avalia\u00e7\u00e3o e interpreta\u00e7\u00e3o de sinais vitais;<\/li>\n<li>Administra\u00e7\u00e3o de injet\u00e1veis;<\/li>\n<li>Prepara\u00e7\u00e3o de medica\u00e7\u00e3o (mensal);<\/li>\n<li>Entuba\u00e7\u00e3o nasog\u00e1strica \u2013 cuidados e ensinos;<\/li>\n<li>Aspira\u00e7\u00e3o de secre\u00e7\u00f5es;<\/li>\n<li>Tratamento a feridas;<\/li>\n<li>Algalia\u00e7\u00e3o;<\/li>\n<li>Teste combur;<\/li>\n<li>Cuidados com ostomias;<\/li>\n<li>Cuidados de higiene;<\/li>\n<li>Mobiliza\u00e7\u00e3o e posicionamentos;<\/li>\n<li>Servi\u00e7os de perman\u00eancia de enfermagem (&gt;4 horas).<\/li>\n<\/ul>\n[\/vc_column_text][nectar_cta btn_style=&#8221;arrow-animation&#8221; heading_tag=&#8221;h5&#8243; text_color=&#8221;#ffffff&#8221; button_color=&#8221;accent-color&#8221; button_border_thickness=&#8221;0px&#8221; link_type=&#8221;regular&#8221; alignment=&#8221;left&#8221; alignment_tablet=&#8221;default&#8221; alignment_phone=&#8221;default&#8221; display=&#8221;block&#8221; display_tablet=&#8221;inherit&#8221; display_phone=&#8221;inherit&#8221; link_text=&#8221;Fale connosco&#8221; margin_top=&#8221;100&#8243; url=&#8221;https:\/\/medisenior.pt\/index.php\/contactos\/&#8221; padding_top=&#8221;15&#8243; padding_bottom=&#8221;15&#8243; padding_left=&#8221;15&#8243; padding_right=&#8221;15&#8243;][\/vc_column][vc_column column_padding=&#8221;no-extra-padding&#8221; column_padding_tablet=&#8221;inherit&#8221; column_padding_phone=&#8221;inherit&#8221; column_padding_position=&#8221;all&#8221; column_element_spacing=&#8221;default&#8221; background_color_opacity=&#8221;1&#8243; background_hover_color_opacity=&#8221;1&#8243; column_shadow=&#8221;none&#8221; column_border_radius=&#8221;none&#8221; column_link_target=&#8221;_self&#8221; column_position=&#8221;default&#8221; gradient_direction=&#8221;left_to_right&#8221; overlay_strength=&#8221;0.3&#8243; width=&#8221;1\/4&#8243; tablet_width_inherit=&#8221;default&#8221; tablet_text_alignment=&#8221;default&#8221; phone_text_alignment=&#8221;default&#8221; animation_type=&#8221;default&#8221; bg_image_animation=&#8221;none&#8221; border_type=&#8221;simple&#8221; column_border_width=&#8221;none&#8221; column_border_style=&#8221;solid&#8221;][\/vc_column][\/vc_row]\n","protected":false},"excerpt":{"rendered":"<p>[vc_row type=&#8221;full_width_content&#8221; full_screen_row_position=&#8221;middle&#8221; column_margin=&#8221;default&#8221; equal_height=&#8221;yes&#8221; column_direction=&#8221;default&#8221; column_direction_tablet=&#8221;default&#8221; column_direction_phone=&#8221;default&#8221; bg_image=&#8221;611&#8243; bg_position=&#8221;center center&#8221; background_image_loading=&#8221;default&#8221; bg_repeat=&#8221;no-repeat&#8221; scene_position=&#8221;center&#8221; top_padding=&#8221;8%&#8221; bottom_padding=&#8221;8%&#8221; top_padding_tablet=&#8221;20%&#8221; bottom_padding_tablet=&#8221;25%&#8221; text_color=&#8221;light&#8221; text_align=&#8221;left&#8221; row_border_radius=&#8221;none&#8221; row_border_radius_applies=&#8221;bg&#8221; overflow=&#8221;visible&#8221; id=&#8221;home&#8221; enable_gradient=&#8221;true&#8221; color_overlay=&#8221;#36302c&#8221; advanced_gradient_angle=&#8221;0&#8243; overlay_strength=&#8221;0.8&#8243; gradient_direction=&#8221;left_to_right&#8221; shape_divider_position=&#8221;bottom&#8221;&#8230;<\/p>\n","protected":false},"author":1,"featured_media":0,"parent":0,"menu_order":0,"comment_status":"closed","ping_status":"closed","template":"","meta":{"footnotes":""},"class_list":["post-622","page","type-page","status-publish"],"yoast_head":"<!-- This site is optimized with the Yoast SEO plugin v23.4 - https:\/\/yoast.com\/wordpress\/plugins\/seo\/ -->\n<title>Enfermagem ao domic\u00edlio - MediSenior<\/title>\n<meta name=\"description\" content=\"A enfermagem ao domic\u00edlio tem um papel fundamental na promo\u00e7\u00e3o, reabilita\u00e7\u00e3o, preven\u00e7\u00e3o e tratamento da sa\u00fade no domic\u00edlio da pessoa s\u00e9nior. O enfermeiro \u00e9 um profissional de sa\u00fade que atua na base da proximidade com o utente. Com o servi\u00e7o de enfermagem ao domic\u00edlio, pretendemos ser aquela cara familiar que o visita periodicamente para cuidar de si! A nossa equipa de enfermagem est\u00e1 capacitada para a presta\u00e7\u00e3o de cuidados diferenciados promovendo o bem estar dos nossos utentes. Temos como objetivo a preven\u00e7\u00e3o da doen\u00e7a e a agudiza\u00e7\u00e3o das doen\u00e7as cr\u00f3nicas havendo articula\u00e7\u00e3o direta com a equipa m\u00e9dica sempre que necess\u00e1rio.\" \/>\n<meta name=\"robots\" content=\"index, follow, max-snippet:-1, max-image-preview:large, max-video-preview:-1\" \/>\n<link rel=\"canonical\" href=\"https:\/\/medisenior.pt\/index.php\/enfermagem-domicilio\/\" \/>\n<meta property=\"og:locale\" content=\"pt_PT\" \/>\n<meta property=\"og:type\" content=\"article\" \/>\n<meta property=\"og:title\" content=\"Enfermagem ao domic\u00edlio - MediSenior\" \/>\n<meta property=\"og:description\" content=\"A enfermagem ao domic\u00edlio tem um papel fundamental na promo\u00e7\u00e3o, reabilita\u00e7\u00e3o, preven\u00e7\u00e3o e tratamento da sa\u00fade no domic\u00edlio da pessoa s\u00e9nior. O enfermeiro \u00e9 um profissional de sa\u00fade que atua na base da proximidade com o utente. Com o servi\u00e7o de enfermagem ao domic\u00edlio, pretendemos ser aquela cara familiar que o visita periodicamente para cuidar de si! A nossa equipa de enfermagem est\u00e1 capacitada para a presta\u00e7\u00e3o de cuidados diferenciados promovendo o bem estar dos nossos utentes. Temos como objetivo a preven\u00e7\u00e3o da doen\u00e7a e a agudiza\u00e7\u00e3o das doen\u00e7as cr\u00f3nicas havendo articula\u00e7\u00e3o direta com a equipa m\u00e9dica sempre que necess\u00e1rio.\" \/>\n<meta property=\"og:url\" content=\"https:\/\/medisenior.pt\/index.php\/enfermagem-domicilio\/\" \/>\n<meta property=\"og:site_name\" content=\"MediSenior\" \/>\n<meta property=\"article:publisher\" content=\"https:\/\/www.facebook.com\/mediseniorpt\" \/>\n<meta property=\"article:modified_time\" content=\"2024-09-16T10:06:59+00:00\" \/>\n<meta name=\"twitter:card\" content=\"summary_large_image\" \/>\n<meta name=\"twitter:label1\" content=\"Tempo estimado de leitura\" \/>\n\t<meta name=\"twitter:data1\" content=\"3 minutos\" \/>\n<script type=\"application\/ld+json\" class=\"yoast-schema-graph\">{\"@context\":\"https:\/\/schema.org\",\"@graph\":[{\"@type\":\"WebPage\",\"@id\":\"https:\/\/medisenior.pt\/index.php\/enfermagem-domicilio\/\",\"url\":\"https:\/\/medisenior.pt\/index.php\/enfermagem-domicilio\/\",\"name\":\"Enfermagem ao domic\u00edlio - MediSenior\",\"isPartOf\":{\"@id\":\"https:\/\/medisenior.pt\/#website\"},\"datePublished\":\"2022-07-18T01:24:04+00:00\",\"dateModified\":\"2024-09-16T10:06:59+00:00\",\"description\":\"A enfermagem ao domic\u00edlio tem um papel fundamental na promo\u00e7\u00e3o, reabilita\u00e7\u00e3o, preven\u00e7\u00e3o e tratamento da sa\u00fade no domic\u00edlio da pessoa s\u00e9nior. O enfermeiro \u00e9 um profissional de sa\u00fade que atua na base da proximidade com o utente. Com o servi\u00e7o de enfermagem ao domic\u00edlio, pretendemos ser aquela cara familiar que o visita periodicamente para cuidar de si! A nossa equipa de enfermagem est\u00e1 capacitada para a presta\u00e7\u00e3o de cuidados diferenciados promovendo o bem estar dos nossos utentes. Temos como objetivo a preven\u00e7\u00e3o da doen\u00e7a e a agudiza\u00e7\u00e3o das doen\u00e7as cr\u00f3nicas havendo articula\u00e7\u00e3o direta com a equipa m\u00e9dica sempre que necess\u00e1rio.\",\"breadcrumb\":{\"@id\":\"https:\/\/medisenior.pt\/index.php\/enfermagem-domicilio\/#breadcrumb\"},\"inLanguage\":\"pt-PT\",\"potentialAction\":[{\"@type\":\"ReadAction\",\"target\":[\"https:\/\/medisenior.pt\/index.php\/enfermagem-domicilio\/\"]}]},{\"@type\":\"BreadcrumbList\",\"@id\":\"https:\/\/medisenior.pt\/index.php\/enfermagem-domicilio\/#breadcrumb\",\"itemListElement\":[{\"@type\":\"ListItem\",\"position\":1,\"name\":\"In\u00edcio\",\"item\":\"https:\/\/medisenior.pt\/\"},{\"@type\":\"ListItem\",\"position\":2,\"name\":\"Enfermagem ao domic\u00edlio\"}]},{\"@type\":\"WebSite\",\"@id\":\"https:\/\/medisenior.pt\/#website\",\"url\":\"https:\/\/medisenior.pt\/\",\"name\":\"MediSenior\",\"description\":\"Vamos at\u00e9 si.\",\"publisher\":{\"@id\":\"https:\/\/medisenior.pt\/#organization\"},\"potentialAction\":[{\"@type\":\"SearchAction\",\"target\":{\"@type\":\"EntryPoint\",\"urlTemplate\":\"https:\/\/medisenior.pt\/?s={search_term_string}\"},\"query-input\":{\"@type\":\"PropertyValueSpecification\",\"valueRequired\":true,\"valueName\":\"search_term_string\"}}],\"inLanguage\":\"pt-PT\"},{\"@type\":\"Organization\",\"@id\":\"https:\/\/medisenior.pt\/#organization\",\"name\":\"MediSenior - Vamos at\u00e9 si\",\"url\":\"https:\/\/medisenior.pt\/\",\"logo\":{\"@type\":\"ImageObject\",\"inLanguage\":\"pt-PT\",\"@id\":\"https:\/\/medisenior.pt\/#\/schema\/logo\/image\/\",\"url\":\"https:\/\/medisenior.pt\/wp-content\/uploads\/2022\/06\/logo_medi60_B.png\",\"contentUrl\":\"https:\/\/medisenior.pt\/wp-content\/uploads\/2022\/06\/logo_medi60_B.png\",\"width\":267,\"height\":60,\"caption\":\"MediSenior - Vamos at\u00e9 si\"},\"image\":{\"@id\":\"https:\/\/medisenior.pt\/#\/schema\/logo\/image\/\"},\"sameAs\":[\"https:\/\/www.facebook.com\/mediseniorpt\",\"https:\/\/www.instagram.com\/mediseniorpt\/\"]}]}<\/script>\n<!-- \/ Yoast SEO plugin. -->","yoast_head_json":{"title":"Enfermagem ao domic\u00edlio - MediSenior","description":"A enfermagem ao domic\u00edlio tem um papel fundamental na promo\u00e7\u00e3o, reabilita\u00e7\u00e3o, preven\u00e7\u00e3o e tratamento da sa\u00fade no domic\u00edlio da pessoa s\u00e9nior. O enfermeiro \u00e9 um profissional de sa\u00fade que atua na base da proximidade com o utente. Com o servi\u00e7o de enfermagem ao domic\u00edlio, pretendemos ser aquela cara familiar que o visita periodicamente para cuidar de si! A nossa equipa de enfermagem est\u00e1 capacitada para a presta\u00e7\u00e3o de cuidados diferenciados promovendo o bem estar dos nossos utentes. Temos como objetivo a preven\u00e7\u00e3o da doen\u00e7a e a agudiza\u00e7\u00e3o das doen\u00e7as cr\u00f3nicas havendo articula\u00e7\u00e3o direta com a equipa m\u00e9dica sempre que necess\u00e1rio.","robots":{"index":"index","follow":"follow","max-snippet":"max-snippet:-1","max-image-preview":"max-image-preview:large","max-video-preview":"max-video-preview:-1"},"canonical":"https:\/\/medisenior.pt\/index.php\/enfermagem-domicilio\/","og_locale":"pt_PT","og_type":"article","og_title":"Enfermagem ao domic\u00edlio - MediSenior","og_description":"A enfermagem ao domic\u00edlio tem um papel fundamental na promo\u00e7\u00e3o, reabilita\u00e7\u00e3o, preven\u00e7\u00e3o e tratamento da sa\u00fade no domic\u00edlio da pessoa s\u00e9nior. O enfermeiro \u00e9 um profissional de sa\u00fade que atua na base da proximidade com o utente. Com o servi\u00e7o de enfermagem ao domic\u00edlio, pretendemos ser aquela cara familiar que o visita periodicamente para cuidar de si! A nossa equipa de enfermagem est\u00e1 capacitada para a presta\u00e7\u00e3o de cuidados diferenciados promovendo o bem estar dos nossos utentes. Temos como objetivo a preven\u00e7\u00e3o da doen\u00e7a e a agudiza\u00e7\u00e3o das doen\u00e7as cr\u00f3nicas havendo articula\u00e7\u00e3o direta com a equipa m\u00e9dica sempre que necess\u00e1rio.","og_url":"https:\/\/medisenior.pt\/index.php\/enfermagem-domicilio\/","og_site_name":"MediSenior","article_publisher":"https:\/\/www.facebook.com\/mediseniorpt","article_modified_time":"2024-09-16T10:06:59+00:00","twitter_card":"summary_large_image","twitter_misc":{"Tempo estimado de leitura":"3 minutos"},"schema":{"@context":"https:\/\/schema.org","@graph":[{"@type":"WebPage","@id":"https:\/\/medisenior.pt\/index.php\/enfermagem-domicilio\/","url":"https:\/\/medisenior.pt\/index.php\/enfermagem-domicilio\/","name":"Enfermagem ao domic\u00edlio - MediSenior","isPartOf":{"@id":"https:\/\/medisenior.pt\/#website"},"datePublished":"2022-07-18T01:24:04+00:00","dateModified":"2024-09-16T10:06:59+00:00","description":"A enfermagem ao domic\u00edlio tem um papel fundamental na promo\u00e7\u00e3o, reabilita\u00e7\u00e3o, preven\u00e7\u00e3o e tratamento da sa\u00fade no domic\u00edlio da pessoa s\u00e9nior. O enfermeiro \u00e9 um profissional de sa\u00fade que atua na base da proximidade com o utente. Com o servi\u00e7o de enfermagem ao domic\u00edlio, pretendemos ser aquela cara familiar que o visita periodicamente para cuidar de si! A nossa equipa de enfermagem est\u00e1 capacitada para a presta\u00e7\u00e3o de cuidados diferenciados promovendo o bem estar dos nossos utentes. Temos como objetivo a preven\u00e7\u00e3o da doen\u00e7a e a agudiza\u00e7\u00e3o das doen\u00e7as cr\u00f3nicas havendo articula\u00e7\u00e3o direta com a equipa m\u00e9dica sempre que necess\u00e1rio.","breadcrumb":{"@id":"https:\/\/medisenior.pt\/index.php\/enfermagem-domicilio\/#breadcrumb"},"inLanguage":"pt-PT","potentialAction":[{"@type":"ReadAction","target":["https:\/\/medisenior.pt\/index.php\/enfermagem-domicilio\/"]}]},{"@type":"BreadcrumbList","@id":"https:\/\/medisenior.pt\/index.php\/enfermagem-domicilio\/#breadcrumb","itemListElement":[{"@type":"ListItem","position":1,"name":"In\u00edcio","item":"https:\/\/medisenior.pt\/"},{"@type":"ListItem","position":2,"name":"Enfermagem ao domic\u00edlio"}]},{"@type":"WebSite","@id":"https:\/\/medisenior.pt\/#website","url":"https:\/\/medisenior.pt\/","name":"MediSenior","description":"Vamos at\u00e9 si.","publisher":{"@id":"https:\/\/medisenior.pt\/#organization"},"potentialAction":[{"@type":"SearchAction","target":{"@type":"EntryPoint","urlTemplate":"https:\/\/medisenior.pt\/?s={search_term_string}"},"query-input":{"@type":"PropertyValueSpecification","valueRequired":true,"valueName":"search_term_string"}}],"inLanguage":"pt-PT"},{"@type":"Organization","@id":"https:\/\/medisenior.pt\/#organization","name":"MediSenior - Vamos at\u00e9 si","url":"https:\/\/medisenior.pt\/","logo":{"@type":"ImageObject","inLanguage":"pt-PT","@id":"https:\/\/medisenior.pt\/#\/schema\/logo\/image\/","url":"https:\/\/medisenior.pt\/wp-content\/uploads\/2022\/06\/logo_medi60_B.png","contentUrl":"https:\/\/medisenior.pt\/wp-content\/uploads\/2022\/06\/logo_medi60_B.png","width":267,"height":60,"caption":"MediSenior - Vamos at\u00e9 si"},"image":{"@id":"https:\/\/medisenior.pt\/#\/schema\/logo\/image\/"},"sameAs":["https:\/\/www.facebook.com\/mediseniorpt","https:\/\/www.instagram.com\/mediseniorpt\/"]}]}},"_links":{"self":[{"href":"https:\/\/medisenior.pt\/index.php\/wp-json\/wp\/v2\/pages\/622","targetHints":{"allow":["GET"]}}],"collection":[{"href":"https:\/\/medisenior.pt\/index.php\/wp-json\/wp\/v2\/pages"}],"about":[{"href":"https:\/\/medisenior.pt\/index.php\/wp-json\/wp\/v2\/types\/page"}],"author":[{"embeddable":true,"href":"https:\/\/medisenior.pt\/index.php\/wp-json\/wp\/v2\/users\/1"}],"replies":[{"embeddable":true,"href":"https:\/\/medisenior.pt\/index.php\/wp-json\/wp\/v2\/comments?post=622"}],"version-history":[{"count":11,"href":"https:\/\/medisenior.pt\/index.php\/wp-json\/wp\/v2\/pages\/622\/revisions"}],"predecessor-version":[{"id":835,"href":"https:\/\/medisenior.pt\/index.php\/wp-json\/wp\/v2\/pages\/622\/revisions\/835"}],"wp:attachment":[{"href":"https:\/\/medisenior.pt\/index.php\/wp-json\/wp\/v2\/media?parent=622"}],"curies":[{"name":"wp","href":"https:\/\/api.w.org\/{rel}","templated":true}]}}